{"id":1741,"date":"2020-06-11T16:16:56","date_gmt":"2020-06-11T14:16:56","guid":{"rendered":"https:\/\/www.villino.de\/?page_id=1741"},"modified":"2022-07-19T17:16:12","modified_gmt":"2022-07-19T15:16:12","slug":"experiences","status":"publish","type":"page","link":"https:\/\/www.villino.de\/en\/experiences\/","title":{"rendered":"Experiences"},"content":{"rendered":"","protected":false},"excerpt":{"rendered":"","protected":false},"author":1,"featured_media":105,"parent":0,"menu_order":0,"comment_status":"closed","ping_status":"closed","template":"","meta":{"_acf_changed":false,"footnotes":""},"class_list":["post-1741","page","type-page","status-publish","has-post-thumbnail","hentry"],"acf":[],"yoast_head":"<!-- This site is optimized with the Yoast SEO plugin v24.0 - https:\/\/yoast.com\/wordpress\/plugins\/seo\/ -->\n<title>Experiences - VILLINO - Hotel \u00b7 Restaurant \u00b7 Wellness<\/title>\n<meta name=\"description\" content=\"Im VILLINO halten wir zu jeder Jahreszeit ganz besondere Erlebnisse f\u00fcr Sie bereit \u2013 ob Sie uns zum Jahreswechsel oder zu den Bregenzer Festspielen im Sommer besuchen, gemeinsam mit unseren Ma\u00eetres zu kulinarischen H\u00f6henfl\u00fcgen ansetzen oder einfach einen unvergleichlichen Urlaub in der Bodenseeregion verbringen m\u00f6chten.\" \/>\n<meta name=\"robots\" content=\"index, follow, max-snippet:-1, max-image-preview:large, max-video-preview:-1\" \/>\n<link rel=\"canonical\" href=\"https:\/\/www.villino.de\/en\/experiences\/\" \/>\n<meta property=\"og:locale\" content=\"en_US\" \/>\n<meta property=\"og:type\" content=\"article\" \/>\n<meta property=\"og:title\" content=\"Experiences - VILLINO - Hotel \u00b7 Restaurant \u00b7 Wellness\" \/>\n<meta property=\"og:description\" content=\"Im VILLINO halten wir zu jeder Jahreszeit ganz besondere Erlebnisse f\u00fcr Sie bereit \u2013 ob Sie uns zum Jahreswechsel oder zu den Bregenzer Festspielen im Sommer besuchen, gemeinsam mit unseren Ma\u00eetres zu kulinarischen H\u00f6henfl\u00fcgen ansetzen oder einfach einen unvergleichlichen Urlaub in der Bodenseeregion verbringen m\u00f6chten.\" \/>\n<meta property=\"og:url\" content=\"https:\/\/www.villino.de\/en\/experiences\/\" \/>\n<meta property=\"og:site_name\" content=\"VILLINO - Hotel \u00b7 Restaurant \u00b7 Wellness\" \/>\n<meta property=\"article:modified_time\" content=\"2022-07-19T15:16:12+00:00\" \/>\n<meta property=\"og:image\" content=\"https:\/\/www.villino.de\/app\/uploads\/2020\/03\/erlebnisse.jpg\" \/>\n\t<meta property=\"og:image:width\" content=\"1500\" \/>\n\t<meta property=\"og:image:height\" content=\"1000\" \/>\n\t<meta property=\"og:image:type\" content=\"image\/jpeg\" \/>\n<meta name=\"twitter:card\" content=\"summary_large_image\" \/>\n<script type=\"application\/ld+json\" class=\"yoast-schema-graph\">{\"@context\":\"https:\/\/schema.org\",\"@graph\":[{\"@type\":\"WebPage\",\"@id\":\"https:\/\/www.villino.de\/en\/experiences\/\",\"url\":\"https:\/\/www.villino.de\/en\/experiences\/\",\"name\":\"Experiences - VILLINO - Hotel \u00b7 Restaurant \u00b7 Wellness\",\"isPartOf\":{\"@id\":\"https:\/\/www.villino.de\/en\/#website\"},\"primaryImageOfPage\":{\"@id\":\"https:\/\/www.villino.de\/en\/experiences\/#primaryimage\"},\"image\":{\"@id\":\"https:\/\/www.villino.de\/en\/experiences\/#primaryimage\"},\"thumbnailUrl\":\"\/app\/uploads\/2020\/03\/erlebnisse.jpg\",\"datePublished\":\"2020-06-11T14:16:56+00:00\",\"dateModified\":\"2022-07-19T15:16:12+00:00\",\"description\":\"Im VILLINO halten wir zu jeder Jahreszeit ganz besondere Erlebnisse f\u00fcr Sie bereit \u2013 ob Sie uns zum Jahreswechsel oder zu den Bregenzer Festspielen im Sommer besuchen, gemeinsam mit unseren Ma\u00eetres zu kulinarischen H\u00f6henfl\u00fcgen ansetzen oder einfach einen unvergleichlichen Urlaub in der Bodenseeregion verbringen m\u00f6chten.\",\"breadcrumb\":{\"@id\":\"https:\/\/www.villino.de\/en\/experiences\/#breadcrumb\"},\"inLanguage\":\"en-US\",\"potentialAction\":[{\"@type\":\"ReadAction\",\"target\":[\"https:\/\/www.villino.de\/en\/experiences\/\"]}]},{\"@type\":\"ImageObject\",\"inLanguage\":\"en-US\",\"@id\":\"https:\/\/www.villino.de\/en\/experiences\/#primaryimage\",\"url\":\"\/app\/uploads\/2020\/03\/erlebnisse.jpg\",\"contentUrl\":\"\/app\/uploads\/2020\/03\/erlebnisse.jpg\",\"width\":1500,\"height\":1000},{\"@type\":\"BreadcrumbList\",\"@id\":\"https:\/\/www.villino.de\/en\/experiences\/#breadcrumb\",\"itemListElement\":[{\"@type\":\"ListItem\",\"position\":1,\"name\":\"Home\",\"item\":\"https:\/\/www.villino.de\/en\/\"},{\"@type\":\"ListItem\",\"position\":2,\"name\":\"Experiences\"}]},{\"@type\":\"WebSite\",\"@id\":\"https:\/\/www.villino.de\/en\/#website\",\"url\":\"https:\/\/www.villino.de\/en\/\",\"name\":\"VILLINO - Hotel \u00b7 Restaurant \u00b7 Wellness\",\"description\":\"A little closer to paradise.\",\"publisher\":{\"@id\":\"https:\/\/www.villino.de\/en\/#organization\"},\"potentialAction\":[{\"@type\":\"SearchAction\",\"target\":{\"@type\":\"EntryPoint\",\"urlTemplate\":\"https:\/\/www.villino.de\/en\/search\/{search_term_string}\"},\"query-input\":{\"@type\":\"PropertyValueSpecification\",\"valueRequired\":true,\"valueName\":\"search_term_string\"}}],\"inLanguage\":\"en-US\"},{\"@type\":\"Organization\",\"@id\":\"https:\/\/www.villino.de\/en\/#organization\",\"name\":\"VILLINO - Hotel \u00b7 Restaurant \u00b7 Wellness\",\"url\":\"https:\/\/www.villino.de\/en\/\",\"logo\":{\"@type\":\"ImageObject\",\"inLanguage\":\"en-US\",\"@id\":\"https:\/\/www.villino.de\/en\/#\/schema\/logo\/image\/\",\"url\":\"\/app\/uploads\/2020\/03\/VL_Logo_rgb-e1583948161319.png\",\"contentUrl\":\"\/app\/uploads\/2020\/03\/VL_Logo_rgb-e1583948161319.png\",\"width\":534,\"height\":421,\"caption\":\"VILLINO - Hotel \u00b7 Restaurant \u00b7 Wellness\"},\"image\":{\"@id\":\"https:\/\/www.villino.de\/en\/#\/schema\/logo\/image\/\"}}]}<\/script>\n<!-- \/ Yoast SEO plugin. -->","yoast_head_json":{"title":"Experiences - VILLINO - Hotel \u00b7 Restaurant \u00b7 Wellness","description":"Im VILLINO halten wir zu jeder Jahreszeit ganz besondere Erlebnisse f\u00fcr Sie bereit \u2013 ob Sie uns zum Jahreswechsel oder zu den Bregenzer Festspielen im Sommer besuchen, gemeinsam mit unseren Ma\u00eetres zu kulinarischen H\u00f6henfl\u00fcgen ansetzen oder einfach einen unvergleichlichen Urlaub in der Bodenseeregion verbringen m\u00f6chten.","robots":{"index":"index","follow":"follow","max-snippet":"max-snippet:-1","max-image-preview":"max-image-preview:large","max-video-preview":"max-video-preview:-1"},"canonical":"https:\/\/www.villino.de\/en\/experiences\/","og_locale":"en_US","og_type":"article","og_title":"Experiences - VILLINO - Hotel \u00b7 Restaurant \u00b7 Wellness","og_description":"Im VILLINO halten wir zu jeder Jahreszeit ganz besondere Erlebnisse f\u00fcr Sie bereit \u2013 ob Sie uns zum Jahreswechsel oder zu den Bregenzer Festspielen im Sommer besuchen, gemeinsam mit unseren Ma\u00eetres zu kulinarischen H\u00f6henfl\u00fcgen ansetzen oder einfach einen unvergleichlichen Urlaub in der Bodenseeregion verbringen m\u00f6chten.","og_url":"https:\/\/www.villino.de\/en\/experiences\/","og_site_name":"VILLINO - Hotel \u00b7 Restaurant \u00b7 Wellness","article_modified_time":"2022-07-19T15:16:12+00:00","og_image":[{"width":1500,"height":1000,"url":"https:\/\/www.villino.de\/app\/uploads\/2020\/03\/erlebnisse.jpg","type":"image\/jpeg"}],"twitter_card":"summary_large_image","schema":{"@context":"https:\/\/schema.org","@graph":[{"@type":"WebPage","@id":"https:\/\/www.villino.de\/en\/experiences\/","url":"https:\/\/www.villino.de\/en\/experiences\/","name":"Experiences - VILLINO - Hotel \u00b7 Restaurant \u00b7 Wellness","isPartOf":{"@id":"https:\/\/www.villino.de\/en\/#website"},"primaryImageOfPage":{"@id":"https:\/\/www.villino.de\/en\/experiences\/#primaryimage"},"image":{"@id":"https:\/\/www.villino.de\/en\/experiences\/#primaryimage"},"thumbnailUrl":"\/app\/uploads\/2020\/03\/erlebnisse.jpg","datePublished":"2020-06-11T14:16:56+00:00","dateModified":"2022-07-19T15:16:12+00:00","description":"Im VILLINO halten wir zu jeder Jahreszeit ganz besondere Erlebnisse f\u00fcr Sie bereit \u2013 ob Sie uns zum Jahreswechsel oder zu den Bregenzer Festspielen im Sommer besuchen, gemeinsam mit unseren Ma\u00eetres zu kulinarischen H\u00f6henfl\u00fcgen ansetzen oder einfach einen unvergleichlichen Urlaub in der Bodenseeregion verbringen m\u00f6chten.","breadcrumb":{"@id":"https:\/\/www.villino.de\/en\/experiences\/#breadcrumb"},"inLanguage":"en-US","potentialAction":[{"@type":"ReadAction","target":["https:\/\/www.villino.de\/en\/experiences\/"]}]},{"@type":"ImageObject","inLanguage":"en-US","@id":"https:\/\/www.villino.de\/en\/experiences\/#primaryimage","url":"\/app\/uploads\/2020\/03\/erlebnisse.jpg","contentUrl":"\/app\/uploads\/2020\/03\/erlebnisse.jpg","width":1500,"height":1000},{"@type":"BreadcrumbList","@id":"https:\/\/www.villino.de\/en\/experiences\/#breadcrumb","itemListElement":[{"@type":"ListItem","position":1,"name":"Home","item":"https:\/\/www.villino.de\/en\/"},{"@type":"ListItem","position":2,"name":"Experiences"}]},{"@type":"WebSite","@id":"https:\/\/www.villino.de\/en\/#website","url":"https:\/\/www.villino.de\/en\/","name":"VILLINO - Hotel \u00b7 Restaurant \u00b7 Wellness","description":"A little closer to paradise.","publisher":{"@id":"https:\/\/www.villino.de\/en\/#organization"},"potentialAction":[{"@type":"SearchAction","target":{"@type":"EntryPoint","urlTemplate":"https:\/\/www.villino.de\/en\/search\/{search_term_string}"},"query-input":{"@type":"PropertyValueSpecification","valueRequired":true,"valueName":"search_term_string"}}],"inLanguage":"en-US"},{"@type":"Organization","@id":"https:\/\/www.villino.de\/en\/#organization","name":"VILLINO - Hotel \u00b7 Restaurant \u00b7 Wellness","url":"https:\/\/www.villino.de\/en\/","logo":{"@type":"ImageObject","inLanguage":"en-US","@id":"https:\/\/www.villino.de\/en\/#\/schema\/logo\/image\/","url":"\/app\/uploads\/2020\/03\/VL_Logo_rgb-e1583948161319.png","contentUrl":"\/app\/uploads\/2020\/03\/VL_Logo_rgb-e1583948161319.png","width":534,"height":421,"caption":"VILLINO - Hotel \u00b7 Restaurant \u00b7 Wellness"},"image":{"@id":"https:\/\/www.villino.de\/en\/#\/schema\/logo\/image\/"}}]}},"_links":{"self":[{"href":"https:\/\/www.villino.de\/en\/wp-json\/wp\/v2\/pages\/1741","targetHints":{"allow":["GET"]}}],"collection":[{"href":"https:\/\/www.villino.de\/en\/wp-json\/wp\/v2\/pages"}],"about":[{"href":"https:\/\/www.villino.de\/en\/wp-json\/wp\/v2\/types\/page"}],"author":[{"embeddable":true,"href":"https:\/\/www.villino.de\/en\/wp-json\/wp\/v2\/users\/1"}],"replies":[{"embeddable":true,"href":"https:\/\/www.villino.de\/en\/wp-json\/wp\/v2\/comments?post=1741"}],"version-history":[{"count":6,"href":"https:\/\/www.villino.de\/en\/wp-json\/wp\/v2\/pages\/1741\/revisions"}],"predecessor-version":[{"id":3891,"href":"https:\/\/www.villino.de\/en\/wp-json\/wp\/v2\/pages\/1741\/revisions\/3891"}],"wp:featuredmedia":[{"embeddable":true,"href":"https:\/\/www.villino.de\/en\/wp-json\/wp\/v2\/media\/105"}],"wp:attachment":[{"href":"https:\/\/www.villino.de\/en\/wp-json\/wp\/v2\/media?parent=1741"}],"curies":[{"name":"wp","href":"https:\/\/api.w.org\/{rel}","templated":true}]}}